{"id":7342,"date":"2026-04-23T10:53:45","date_gmt":"2026-04-23T08:53:45","guid":{"rendered":"https:\/\/plage.novae.website\/privacy-policy\/"},"modified":"2026-04-23T10:53:45","modified_gmt":"2026-04-23T08:53:45","slug":"privacy-policy","status":"publish","type":"page","link":"https:\/\/plage.novae.website\/en\/privacy-policy\/","title":{"rendered":"Privacy Policy"},"content":{"rendered":"[vc_row type=&#8221;full_width_background&#8221; full_screen_row_position=&#8221;middle&#8221; column_margin=&#8221;default&#8221; column_direction=&#8221;default&#8221; column_direction_tablet=&#8221;default&#8221; column_direction_phone=&#8221;default&#8221; bg_color=&#8221;#f1f1f1&#8243; bg_image=&#8221;6168&#8243; bg_image_type=&#8221;default&#8221; bg_position=&#8221;center center&#8221; background_image_loading=&#8221;default&#8221; bg_repeat=&#8221;no-repeat&#8221; scene_position=&#8221;center&#8221; top_padding=&#8221;15%&#8221; bottom_padding=&#8221;7%&#8221; text_color=&#8221;dark&#8221; text_align=&#8221;left&#8221; row_border_radius=&#8221;none&#8221; row_border_radius_applies=&#8221;bg&#8221; row_position_desktop=&#8221;default&#8221; row_position_tablet=&#8221;inherit&#8221; row_position_phone=&#8221;inherit&#8221; overflow=&#8221;visible&#8221; id=&#8221;en-tete&#8221; enable_gradient=&#8221;true&#8221; color_overlay=&#8221;#0a0a0a&#8221; advanced_gradient_angle=&#8221;0&#8243; overlay_strength=&#8221;1&#8243; gradient_direction=&#8221;top_to_bottom&#8221; enable_shape_divider=&#8221;true&#8221; shape_divider_color=&#8221;#f1f1f1&#8243; shape_divider_position=&#8221;bottom&#8221; bg_image_animation=&#8221;none&#8221; shape_type=&#8221;curve&#8221; gradient_type=&#8221;default&#8221;][vc_column column_padding=&#8221;padding-7-percent&#8221; column_padding_tablet=&#8221;inherit&#8221; column_padding_phone=&#8221;padding-10-percent&#8221; column_padding_position=&#8221;top-bottom&#8221; flex_gap_desktop=&#8221;10px&#8221; column_element_direction_desktop=&#8221;default&#8221; column_element_spacing=&#8221;default&#8221; centered_text=&#8221;true&#8221; desktop_text_alignment=&#8221;default&#8221; tablet_text_alignment=&#8221;default&#8221; phone_text_alignment=&#8221;default&#8221; background_color_opacity=&#8221;1&#8243; background_hover_color_opacity=&#8221;1&#8243; column_backdrop_filter=&#8221;none&#8221; font_color=&#8221;#ffffff&#8221; column_shadow=&#8221;none&#8221; column_border_radius=&#8221;none&#8221; column_link_target=&#8221;_self&#8221; column_position=&#8221;default&#8221; advanced_gradient_angle=&#8221;0&#8243; gradient_direction=&#8221;left_to_right&#8221; overlay_strength=&#8221;0.3&#8243; width=&#8221;1\/1&#8243; tablet_width_inherit=&#8221;default&#8221; animation_type=&#8221;default&#8221; bg_image_animation=&#8221;none&#8221; border_type=&#8221;simple&#8221; column_border_width=&#8221;none&#8221; column_border_style=&#8221;solid&#8221; gradient_type=&#8221;default&#8221;][vc_custom_heading text=&#8221;Privacy Policy&#8221; font_container=&#8221;tag:h1|text_align:center|color:%23ffffff&#8221; use_theme_fonts=&#8221;yes&#8221; css=&#8221;&#8221;][\/vc_column][\/vc_row][vc_row type=&#8221;in_container&#8221; full_screen_row_position=&#8221;middle&#8221; column_margin=&#8221;default&#8221; column_direction=&#8221;default&#8221; column_direction_tablet=&#8221;default&#8221; column_direction_phone=&#8221;default&#8221; scene_position=&#8221;center&#8221; top_padding=&#8221;50px&#8221; bottom_padding=&#8221;5%&#8221; text_color=&#8221;dark&#8221; text_align=&#8221;left&#8221; row_border_radius=&#8221;none&#8221; row_border_radius_applies=&#8221;bg&#8221; row_position_desktop=&#8221;default&#8221; row_position_tablet=&#8221;inherit&#8221; row_position_phone=&#8221;inherit&#8221; overflow=&#8221;visible&#8221; advanced_gradient_angle=&#8221;0&#8243; overlay_strength=&#8221;0.3&#8243; gradient_direction=&#8221;left_to_right&#8221; shape_divider_position=&#8221;bottom&#8221; bg_image_animation=&#8221;none&#8221; gradient_type=&#8221;default&#8221; shape_type=&#8221;&#8221;][vc_column column_padding=&#8221;no-extra-padding&#8221; column_padding_tablet=&#8221;inherit&#8221; column_padding_phone=&#8221;inherit&#8221; column_padding_position=&#8221;all&#8221; flex_gap_desktop=&#8221;10px&#8221; column_element_direction_desktop=&#8221;default&#8221; column_element_spacing=&#8221;default&#8221; desktop_text_alignment=&#8221;default&#8221; tablet_text_alignment=&#8221;default&#8221; phone_text_alignment=&#8221;default&#8221; background_color_opacity=&#8221;1&#8243; background_hover_color_opacity=&#8221;1&#8243; column_backdrop_filter=&#8221;none&#8221; column_shadow=&#8221;none&#8221; column_border_radius=&#8221;none&#8221; column_link_target=&#8221;_self&#8221; column_position=&#8221;default&#8221; gradient_direction=&#8221;left_to_right&#8221; overlay_strength=&#8221;0.3&#8243; width=&#8221;1\/1&#8243; tablet_width_inherit=&#8221;default&#8221; animation_type=&#8221;default&#8221; bg_image_animation=&#8221;none&#8221; border_type=&#8221;simple&#8221; column_border_width=&#8221;none&#8221; column_border_style=&#8221;solid&#8221;][vc_column_text css=&#8221;&#8221; text_direction=&#8221;default&#8221;]\n<h3>PERSONAL DATA COLLECTED<\/h3>\n<p>Two types of personal data are collected on the website www.hoteldelaplagesete.com<\/p>\n<ul>\n<li>Data entered and submitted via forms<\/li>\n<li>Data collected by the Google Analytics audience measurement tool<\/li>\n<\/ul>\n<p>&nbsp;<\/p>\n<h3>DATA CONTROLLER<\/h3>\n<p>Les donn\u00e9es personnelles sont collect\u00e9es sur le site par la soci\u00e9t\u00e9 H\u00f4tel de la Plage, soci\u00e9t\u00e9 SARL et dont le si\u00e8ge social est 64 A Cor de Neuburg, 34200 S\u00e8te.<\/p>\n<h3>PURPOSE OF THE COLLECTION OF PERSONAL DATA<\/h3>\n<p>The purpose of collecting personal data through the various forms on the website is to:<\/p>\n<ul>\n<li>Contact the people who have registered a reservation on the website<\/li>\n<li>Allow the sending of newsletters by our services<\/li>\n<\/ul>\n<p>By submitting the form and ticking the appropriate consent boxes on the form, the user expressly agrees to the processing of personal data for the purpose of the business relationship.<\/p>\n<p>The purpose of collecting personal data through the Google Analytics audience tracking tool used on the site is to:<\/p>\n<ul>\n<li>Analyze user behavior on the site in order to measure their audience and improve their performance.<\/li>\n<\/ul>\n<p>Google Analytics uses third-party cookies to distinguish users. Cookies are text files placed on users&#8217; devices. They do not contain any personally identifiable information, only randomly generated identifiers.  <\/p>\n<p>By browsing the site, the user expressly agrees to the processing of personal data collected by Google Analytics for the purpose of analyzing user behavior in order to improve the site&#8217;s performance.<\/p>\n<h3>PERSONAL DATA RETENTION PERIOD<\/h3>\n<p>The data collected via the forms is kept for a period of 2 years from the date the form is submitted.<\/p>\n<p>The cookies used by the Google Analytics audience measurement tool have the following lifespans:<\/p>\n<p>_ga: 2 years<br \/>\n_gid: 24 hours<br \/>\n_gat: 1 minute<\/p>\n<h3>CONFIDENTIALITY OF PERSONAL DATA<\/h3>\n<p>The personal data concerning you and collected by the website https:\/\/hoteldelaplagesete.com\/ is intended solely for the company H\u00f4tel de la Plage and will only be used in connection with the request made via the form.<\/p>\n<p>Under no circumstances will the personal data entered and sent on the forms be transmitted, rented or sold to third parties.<\/p>\n<p>The employees of the Hotel de la Plage will sign a confidentiality agreement which obliges them to respect the confidentiality of the data under penalty of sanctions.<\/p>\n<h3>LOCATION FOR STORING PERSONAL DATA<\/h3>\n<p>The website&#8217;s hosting servers are located exclusively in France, within the European Union.<\/p>\n<p>The Hotel de la Plage undertakes not to transfer any personal data to a state that is not a member of the European Community.<\/p>\n<h3>PERSONAL DATA SECURITY<\/h3>\n<p>The site is hosted on our own secure servers.<\/p>\n<p>All pages use HTTPS, TLS 1.2 \/ RSA 2048-bit encryption (SHA256withRSA). This security protocol encrypts the content of communications between the browser and the database servers. This prevents personal data entered and submitted via forms from being easily read by third parties during transmission.  <\/p>\n<p>However, no transmission or storage of personal data is ever completely secure. Consequently, we cannot guarantee the absolute security of information transmitted to or stored on our hosting servers. <\/p>\n<h3>DATA PROTECTION OFFICER<\/h3>\n<p>Ms. Emma Ropero is the Data Protection Officer (DPO) for the company H\u00f4tel de la Plage. She is notably responsible for ensuring the company&#8217;s activities comply with the new European legal framework of the GDPR and for cooperating with the supervisory authority. <\/p>\n<p>You can contact them by email at hoteldelaplage34200@gmail.com or by mail at:<br \/>\nHotel de la Plage Data Protection Officer \u2013 64 A Cor de Neuburg, 34200 S\u00e8te<\/p>\n<h3>RIGHT OF ACCESS, RECTIFICATION OR DELETION OF PERSONAL DATA<\/h3>\n<p>In accordance with the French Data Protection Act of 6 January 1978, as amended, and the European General Data Protection Regulation 2016\/679 (GDPR), you have the right to access, rectify, and delete your personal data. You can exercise these rights by <a href=\"https:\/\/www.novaresa.net\/order-history.php\" target=\"_blank\" rel=\"nofollow noopener\">accessing one of your reservations<\/a> or by sending a letter to H\u00f4tel de la Plage &#8211; 64 A Cor de Neuburg, 34200 S\u00e8te, France. [\/vc_column_text][\/vc_column][\/vc_row]\n","protected":false},"excerpt":{"rendered":"<p>[vc_row type=&#8221;full_width_background&#8221; full_screen_row_position=&#8221;middle&#8221; column_margin=&#8221;default&#8221; column_direction=&#8221;default&#8221; column_direction_tablet=&#8221;default&#8221; column_direction_phone=&#8221;default&#8221; bg_color=&#8221;#f1f1f1&#8243; bg_image=&#8221;6168&#8243; bg_image_type=&#8221;default&#8221; bg_position=&#8221;center center&#8221; background_image_loading=&#8221;default&#8221; bg_repeat=&#8221;no-repeat&#8221; scene_position=&#8221;center&#8221; top_padding=&#8221;15%&#8221; bottom_padding=&#8221;7%&#8221; text_color=&#8221;dark&#8221; text_align=&#8221;left&#8221; row_border_radius=&#8221;none&#8221; row_border_radius_applies=&#8221;bg&#8221; row_position_desktop=&#8221;default&#8221; row_position_tablet=&#8221;inherit&#8221; row_position_phone=&#8221;inherit&#8221; overflow=&#8221;visible&#8221;&#8230;<\/p>\n","protected":false},"author":1,"featured_media":0,"parent":0,"menu_order":0,"comment_status":"closed","ping_status":"open","template":"","meta":{"inline_featured_image":false,"footnotes":""},"class_list":["post-7342","page","type-page","status-publish"],"_links":{"self":[{"href":"https:\/\/plage.novae.website\/en\/wp-json\/wp\/v2\/pages\/7342","targetHints":{"allow":["GET"]}}],"collection":[{"href":"https:\/\/plage.novae.website\/en\/wp-json\/wp\/v2\/pages"}],"about":[{"href":"https:\/\/plage.novae.website\/en\/wp-json\/wp\/v2\/types\/page"}],"author":[{"embeddable":true,"href":"https:\/\/plage.novae.website\/en\/wp-json\/wp\/v2\/users\/1"}],"replies":[{"embeddable":true,"href":"https:\/\/plage.novae.website\/en\/wp-json\/wp\/v2\/comments?post=7342"}],"version-history":[{"count":0,"href":"https:\/\/plage.novae.website\/en\/wp-json\/wp\/v2\/pages\/7342\/revisions"}],"wp:attachment":[{"href":"https:\/\/plage.novae.website\/en\/wp-json\/wp\/v2\/media?parent=7342"}],"curies":[{"name":"wp","href":"https:\/\/api.w.org\/{rel}","templated":true}]}}